{"id":353,"date":"2023-08-02T13:32:44","date_gmt":"2023-08-02T13:32:44","guid":{"rendered":"https:\/\/assisoft-kitdigital.com\/arrels\/?page_id=353"},"modified":"2024-08-07T14:07:57","modified_gmt":"2024-08-07T14:07:57","slug":"blog","status":"publish","type":"page","link":"https:\/\/consultoriarrels.cat\/esp\/blog\/","title":{"rendered":"Blog"},"content":{"rendered":"<p>[et_pb_section fb_built=\u201d1\u2033 _builder_version=\u201d4.27.0\u2033 _module_preset=\u201ddefault\u201d background_image=\u201dhttp:\/\/consultoriarrels.cat\/wp-content\/uploads\/2023\/08\/consultoria-reunio-estrategica-scaled.jpeg height=\u201d103vh\u201d custom_margin=\u201d-100px||||false|false\u201d hover_enabled=\u201d0\u2033 global_colors_info=\u201d{}\u201d alt=\u201dConsultor\u00eda reuni\u00f3n estrat\u00e9gica\u201d title_text=\u201dConsultor\u00eda reuni\u00f3n estrat\u00e9gica\u201d sticky_enabled=\u201d0\u2033][ et_pb_row _builder_version=\u201d4.21.0\u2033 _module_preset=\u201ddefault\u201d max_width=\u201d1300px\u201d height=\u201d100%\u201d custom_css_main_element=\u201ddisplay: flex;||flex-direction: column;||justify locked=\u201doff\u201d global_colors_info=\u201d{}\u201d][et_pb_column type=\u201d4_4\u2033 _builder_version=\u201d4.21.0\u2033 _module_preset=\u201ddefault\u201d global_colors_info=\u201d{}\u201d][et_pb_text _builder_version=\u201d4.23.\u2033 default\u201d text_font=\u201dPoppins||||||||\u201d text_text_color=\u201d#FFFFFF\u201d text_font_size=\u201d48px\u201d text_line_height=\u201d1em\u201d header_font=\u201dPoppins|||on|||||| header_text_color=\u201d#EAA53E\u201d header_font_size=\u201d26px\u201d global_colors_info=\u201d{}\u201d]<\/p>\n<h1 style=\"text-shadow: 0px 0px 15px rgba(0,0,0,0.5);\">Blog de la consultor\u00eda arrels<\/h1>\n<p><span style=\"text-shadow: 0px 0px 15px rgba(0,0,0,0.5);\">Art\u00edculos y novedades fiscales, laborales y contables<br \/>\n<\/span>[\/et_pb_text][\/et_pb_column][\/et_pb_row][\/et_pb_section][et_pb_section fb_built=\u201d1\u2033 _builder_version=\u201d4.21.0\u2033 _module_preset=\u201ddefault\u201d global_colors_info=\u201d{}\u201d][. \u2033 _module_preset=\u201ddefault\u201d max_width=\u201d1300px\u201d global_colors_info=\u201d{}\u201d][et_pb_column type=\u201d4_4\u2033 _builder_version=\u201d4.21.0\u2033 _module_preset=\u201ddefault\u201d global_colors_info=\u201d{}\u201d \u201d show_date=\u201doff\u201d show_categories=\u201doff\u201d _builder_version=\u201d4.23.1\u2033 _module_preset=\u201ddefault\u201d header_font=\u201dPoppins|||||||||\u201d body_font=&quot;Poppins|300|||||||&quot; custom_css_featured_image=\u201dpadding-top: 60px;\u201d global_colors_info=\u201d{}\u201d][\/et_pb_blog][\/et_pb_column][\/et_pb_row][\/et_pb_section]<\/p>","protected":false},"excerpt":{"rendered":"<p>Blog de la consultor\u00eda ra\u00edces Art\u00edculos y novedades fiscales, laborales y contables<\/p>","protected":false},"author":1,"featured_media":0,"parent":0,"menu_order":0,"comment_status":"closed","ping_status":"closed","template":"","meta":{"_et_pb_use_builder":"on","_et_pb_old_content":"<!-- wp:divi\/placeholder \/-->","_et_gb_content_width":"","footnotes":""},"class_list":["post-353","page","type-page","status-publish","hentry"],"yoast_head":"<!-- This site is optimized with the Yoast SEO plugin v26.4 - https:\/\/yoast.com\/wordpress\/plugins\/seo\/ -->\n<title>Blog - Consultoria Arrels<\/title>\n<meta name=\"description\" content=\"Descobreix el nostre blog, articles sobre la nostra activitat i de com podem fer cr\u00e9ixer el teu negoci junts.\" \/>\n<meta name=\"robots\" content=\"index, follow, max-snippet:-1, max-image-preview:large, max-video-preview:-1\" \/>\n<link rel=\"canonical\" href=\"https:\/\/consultoriarrels.cat\/esp\/blog\/\" \/>\n<meta property=\"og:locale\" content=\"es_ES\" \/>\n<meta property=\"og:type\" content=\"article\" \/>\n<meta property=\"og:title\" content=\"Blog - Consultoria Arrels\" \/>\n<meta property=\"og:description\" content=\"Descobreix el nostre blog, articles sobre la nostra activitat i de com podem fer cr\u00e9ixer el teu negoci junts.\" \/>\n<meta property=\"og:url\" content=\"https:\/\/consultoriarrels.cat\/esp\/blog\/\" \/>\n<meta property=\"og:site_name\" content=\"Consultoria Arrels\" \/>\n<meta property=\"article:modified_time\" content=\"2024-08-07T14:07:57+00:00\" \/>\n<meta name=\"twitter:card\" content=\"summary_large_image\" \/>\n<meta name=\"twitter:label1\" content=\"Tiempo de lectura\" \/>\n\t<meta name=\"twitter:data1\" content=\"3 minutos\" \/>\n<script type=\"application\/ld+json\" class=\"yoast-schema-graph\">{\"@context\":\"https:\/\/schema.org\",\"@graph\":[{\"@type\":\"WebPage\",\"@id\":\"https:\/\/consultoriarrels.cat\/blog\/\",\"url\":\"https:\/\/consultoriarrels.cat\/blog\/\",\"name\":\"Blog - Consultoria Arrels\",\"isPartOf\":{\"@id\":\"https:\/\/consultoriarrels.cat\/#website\"},\"datePublished\":\"2023-08-02T13:32:44+00:00\",\"dateModified\":\"2024-08-07T14:07:57+00:00\",\"description\":\"Descobreix el nostre blog, articles sobre la nostra activitat i de com podem fer cr\u00e9ixer el teu negoci junts.\",\"breadcrumb\":{\"@id\":\"https:\/\/consultoriarrels.cat\/blog\/#breadcrumb\"},\"inLanguage\":\"es\",\"potentialAction\":[{\"@type\":\"ReadAction\",\"target\":[\"https:\/\/consultoriarrels.cat\/blog\/\"]}]},{\"@type\":\"BreadcrumbList\",\"@id\":\"https:\/\/consultoriarrels.cat\/blog\/#breadcrumb\",\"itemListElement\":[{\"@type\":\"ListItem\",\"position\":1,\"name\":\"Inici\",\"item\":\"https:\/\/consultoriarrels.cat\/\"},{\"@type\":\"ListItem\",\"position\":2,\"name\":\"Blog\"}]},{\"@type\":\"WebSite\",\"@id\":\"https:\/\/consultoriarrels.cat\/#website\",\"url\":\"https:\/\/consultoriarrels.cat\/\",\"name\":\"Consultoria Arrels\",\"description\":\"T&#039;acompanyem en tot moment\",\"publisher\":{\"@id\":\"https:\/\/consultoriarrels.cat\/#organization\"},\"potentialAction\":[{\"@type\":\"SearchAction\",\"target\":{\"@type\":\"EntryPoint\",\"urlTemplate\":\"https:\/\/consultoriarrels.cat\/?s={search_term_string}\"},\"query-input\":{\"@type\":\"PropertyValueSpecification\",\"valueRequired\":true,\"valueName\":\"search_term_string\"}}],\"inLanguage\":\"es\"},{\"@type\":\"Organization\",\"@id\":\"https:\/\/consultoriarrels.cat\/#organization\",\"name\":\"Consultoria Arrels\",\"url\":\"https:\/\/consultoriarrels.cat\/\",\"logo\":{\"@type\":\"ImageObject\",\"inLanguage\":\"es\",\"@id\":\"https:\/\/consultoriarrels.cat\/#\/schema\/logo\/image\/\",\"url\":\"http:\/\/consultoriarrels.cat\/wp-content\/uploads\/2023\/08\/consultoria_arrels_0021.png\",\"contentUrl\":\"http:\/\/consultoriarrels.cat\/wp-content\/uploads\/2023\/08\/consultoria_arrels_0021.png\",\"width\":132,\"height\":132,\"caption\":\"Consultoria Arrels\"},\"image\":{\"@id\":\"https:\/\/consultoriarrels.cat\/#\/schema\/logo\/image\/\"}}]}<\/script>\n<!-- \/ Yoast SEO plugin. -->","yoast_head_json":{"title":"Blog - Consultor\u00eda Arrels","description":"Descubre nuestro blog, art\u00edculos sobre nuestra actividad y c\u00f3mo podemos hacer crecer tu negocio juntos.","robots":{"index":"index","follow":"follow","max-snippet":"max-snippet:-1","max-image-preview":"max-image-preview:large","max-video-preview":"max-video-preview:-1"},"canonical":"https:\/\/consultoriarrels.cat\/esp\/blog\/","og_locale":"es_ES","og_type":"article","og_title":"Blog - Consultoria Arrels","og_description":"Descobreix el nostre blog, articles sobre la nostra activitat i de com podem fer cr\u00e9ixer el teu negoci junts.","og_url":"https:\/\/consultoriarrels.cat\/esp\/blog\/","og_site_name":"Consultoria Arrels","article_modified_time":"2024-08-07T14:07:57+00:00","twitter_card":"summary_large_image","twitter_misc":{"Tiempo de lectura":"3 minutos"},"schema":{"@context":"https:\/\/schema.org","@graph":[{"@type":"WebPage","@id":"https:\/\/consultoriarrels.cat\/blog\/","url":"https:\/\/consultoriarrels.cat\/blog\/","name":"Blog - Consultor\u00eda Arrels","isPartOf":{"@id":"https:\/\/consultoriarrels.cat\/#website"},"datePublished":"2023-08-02T13:32:44+00:00","dateModified":"2024-08-07T14:07:57+00:00","description":"Descubre nuestro blog, art\u00edculos sobre nuestra actividad y c\u00f3mo podemos hacer crecer tu negocio juntos.","breadcrumb":{"@id":"https:\/\/consultoriarrels.cat\/blog\/#breadcrumb"},"inLanguage":"es","potentialAction":[{"@type":"ReadAction","target":["https:\/\/consultoriarrels.cat\/blog\/"]}]},{"@type":"BreadcrumbList","@id":"https:\/\/consultoriarrels.cat\/blog\/#breadcrumb","itemListElement":[{"@type":"ListItem","position":1,"name":"Inici","item":"https:\/\/consultoriarrels.cat\/"},{"@type":"ListItem","position":2,"name":"Blog"}]},{"@type":"WebSite","@id":"https:\/\/consultoriarrels.cat\/#website","url":"https:\/\/consultoriarrels.cat\/","name":"Consultor\u00eda Arrels","description":"T&#039;acompa\u00f1amos en todo momento","publisher":{"@id":"https:\/\/consultoriarrels.cat\/#organization"},"potentialAction":[{"@type":"SearchAction","target":{"@type":"EntryPoint","urlTemplate":"https:\/\/consultoriarrels.cat\/?s={search_term_string}"},"query-input":{"@type":"PropertyValueSpecification","valueRequired":true,"valueName":"search_term_string"}}],"inLanguage":"es"},{"@type":"Organization","@id":"https:\/\/consultoriarrels.cat\/#organization","name":"Consultor\u00eda Arrels","url":"https:\/\/consultoriarrels.cat\/","logo":{"@type":"ImageObject","inLanguage":"es","@id":"https:\/\/consultoriarrels.cat\/#\/schema\/logo\/image\/","url":"http:\/\/consultoriarrels.cat\/wp-content\/uploads\/2023\/08\/consultoria_arrels_0021.png","contentUrl":"http:\/\/consultoriarrels.cat\/wp-content\/uploads\/2023\/08\/consultoria_arrels_0021.png","width":132,"height":132,"caption":"Consultoria Arrels"},"image":{"@id":"https:\/\/consultoriarrels.cat\/#\/schema\/logo\/image\/"}}]}},"_links":{"self":[{"href":"https:\/\/consultoriarrels.cat\/esp\/wp-json\/wp\/v2\/pages\/353","targetHints":{"allow":["GET"]}}],"collection":[{"href":"https:\/\/consultoriarrels.cat\/esp\/wp-json\/wp\/v2\/pages"}],"about":[{"href":"https:\/\/consultoriarrels.cat\/esp\/wp-json\/wp\/v2\/types\/page"}],"author":[{"embeddable":true,"href":"https:\/\/consultoriarrels.cat\/esp\/wp-json\/wp\/v2\/users\/1"}],"replies":[{"embeddable":true,"href":"https:\/\/consultoriarrels.cat\/esp\/wp-json\/wp\/v2\/comments?post=353"}],"version-history":[{"count":19,"href":"https:\/\/consultoriarrels.cat\/esp\/wp-json\/wp\/v2\/pages\/353\/revisions"}],"predecessor-version":[{"id":2252,"href":"https:\/\/consultoriarrels.cat\/esp\/wp-json\/wp\/v2\/pages\/353\/revisions\/2252"}],"wp:attachment":[{"href":"https:\/\/consultoriarrels.cat\/esp\/wp-json\/wp\/v2\/media?parent=353"}],"curies":[{"name":"wp","href":"https:\/\/api.w.org\/{rel}","templated":true}]}}