{"id":355,"date":"2023-08-02T13:33:15","date_gmt":"2023-08-02T13:33:15","guid":{"rendered":"https:\/\/assisoft-kitdigital.com\/arrels\/?page_id=355"},"modified":"2024-08-07T14:22:37","modified_gmt":"2024-08-07T14:22:37","slug":"contacte","status":"publish","type":"page","link":"https:\/\/consultoriarrels.cat\/eng\/contacte\/","title":{"rendered":"Contact"},"content":{"rendered":"<p>[et_pb_section fb_built=\u201d1\u2033 _builder_version=\u201d4.27.0\u2033 _module_preset=\u201ddefault\u201d use_background_color_gradient=\u201don\u201d background_color_gradient_stops=\u201drgba(0,0,0,0.1) 0%|rgba(0,0,0,0.1) 100% \u201d background_color_gradient_overlays_image=\u201don\u201d background_image=\u201dhttp:\/\/consultoriarrels.cat\/wp-content\/uploads\/2023\/08\/consultoria-daus-contacte-scaled.jpeg\u201d height=\u201d103vh\u201d custom_margin=\u201d-100px||| |false|false\u201d hover_enabled=\u201d0\u2033 global_colors_info=\u201d{}\u201d alt=\u201dConsultancy dice symbolizing contact information\u201d title_text=\u201dConsultancy dice symbolizing contact information\u201d sticky_enabled=\u201d0\u2033][et_pb_row _builder_version= \u201d4.21.0\u2033 _module_preset=\u201ddefault\u201d max_width=\u201d1300px\u201d height=\u201d100%\u201d custom_css_main_element=\u201ddisplay: flex;||flex-direction: column;||justify-content: center;\u201d locked=\u201doff\u201d global_colors_info=\u201d{}\u201d][et_pb_column type=\u201d4_4\u2033 _builder_version=\u201d4.21.0\u2033 _module_preset=\u201ddefault\u201d global_colors_info=\u201d{}\u201d][et_pb_text _builder_version=\u201d4.23.1\u2033 _module_preset=\u201d default\u201d text_font=\u201dPoppins||||||||\u201d text_text_color=\u201d#FFFFFF\u201d text_font_size=\u201d48px\u201d text_line_height=\u201d1em\u201d header_font=\u201dPoppins|||on||||\u201d header_text_color=\u201d#EAA53E\u201d header_font_size=\u201d26px\u201d global_colors_info=\u201d{}\u201d]<\/p>\n<h1 style=\"text-shadow: 0px 0px 15px rgba(0,0,0,0.5);\">Contact with us<\/h1>\n<p><span style=\"text-shadow: 0px 0px 15px rgba(0,0,0,0.5);\">We are here to listen and help you<\/span>[\/et_pb_text][\/et_pb_column][\/et_pb_row][\/et_pb_section][et_pb_section fb_built=\u201d1\u2033 _builder_version=\u201d4.21.0\u2033 _module_preset=\u201ddefault\u201d background_color=\u201d#fcfcfc\u201d locked=\u201doff\u201d global_colors_info=\u201d{} \u201d][et_pb_row _builder_version=\u201d4.21.0\u2033 _module_preset=\u201ddefault\u201d max_width=\u201d1300px\u201d global_colors_info=\u201d{}\u201d][et_pb_column type=\u201d4_4\u2033 _builder_version=\u201d4.21.0\u2033 _module_preset=\u201ddefault\u201d global_colors_info=\u201d {}\u201d][et_pb_text _builder_version=\u201d4.25.1\u2033 _module_preset=\u201ddefault\u201d text_font=\u201dRoboto|300|||||||\u201d text_font_size=\u201d42px\u201d text_line_height=\u201d1em\u201d header_2_font=\u201dRoboto|300||on||||\u201d header_2_font_size=\u201d42px\u201d custom_margin=\u201d||10px||false|false\u201d locked=\u201doff\u201d global_colors_info=\u201d{}\u201d]<\/p>\n<p>Contact with <span style=\"font-weight: 500; font-family: Poppins; color: #c88800\">us<\/span><\/p>\n<p>[\/et_pb_text][et_pb_divider color=\u201d#C88800\u2033 divider_position=\u201dcenter\u201d divider_weight=\u201d3px\u201d _builder_version=\u201d4.25.1\u2033 _module_preset=\u201ddefault\u201d width=\u201d20%\u201d module_alignment=\u201dleft\u201d locked=\u201doff\u201d global_colors_info= \u201d{}\u201d][\/et_pb_divider][\/et_pb_column][\/et_pb_row][et_pb_row column_structure=\u201d1_2,1_2\u2033 _builder_version=\u201d4.21.0\u2033 _module_preset=\u201ddefault\u201d max_width=\u201d1300px\u201d global_colors_info=\u201d{}\u201d] [et_pb_column type=\u201d1_2\u2033 _builder_version=\u201d4.21.0\u2033 _module_preset=\u201ddefault\u201d global_colors_info=\u201d{}\u201d][et_pb_text _builder_version=\u201d4.25.1\u2033 _module_preset=\u201ddefault\u201d header_2_font=\u201dPoppins|||||| ||\u201d header_2_font_size=\u201d24px\u201d header_3_font=\u201dPoppins|||||||\u201d header_3_font_size=\u201d24px\u201d global_colors_info=\u201d{}\u201d]<\/p>\n<h2>Contact information<\/h2>\n<p>[\/et_pb_text][et_pb_blurb use_icon=\u201don\u201d font_icon=\u201d\ue090||divi||400\u2033 icon_color=\u201d#004AAD\u201d icon_placement=\u201dleft\u201d image_icon_width=\u201d40px\u201d admin_label=\u201dAnnuncio\u201d _builder_version=\u201d4.25.1\u2033 _module_preset =\u201ddefault\u201d header_level=\u201dh3\u2033 header_font=\u201dPoppins|||||||\u201d body_font=\u201dPoppins|300|||||||\u201d body_font_size=\u201d16px\u201d custom_css_blurb_image=\u201dpadding-right: 10px;||vertical-align: middle;||position: relative;\u201d locked=\u201doff\u201d global_colors_info=\u201d{}\u201d]603 603 249<\/p>\n<p>664 620 389[\/et_pb_blurb][et_pb_blurb use_icon=\u201don\u201d font_icon=\u201d\ue076||divi||400\u2033 icon_color=\u201d#004AAD\u201d icon_placement=\u201dleft\u201d image_icon_width=\u201d40px\u201d admin_label=\u201dAnnuncio\u201d _builder_version=\u201d4.25. 1\u2033 _module_preset=\u201ddefault\u201d header_level=\u201dh3\u2033 header_font=\u201dPoppins|||||||\u201d body_font=\u201dPoppins|300|||||||\u201d body_font_size=\u201d16px\u201d link_option_url=\u201dmailto:mariam@consultoriarrels.cat\u201d custom_css_blurb_image=\u201dpadding-right: 10px;||vertical-align: middle;||position: relative;\u201d locked=\u201doff\u201d global_colors_info=\u201d{}\u201d]<\/p>\n<p>info@consultoriarrels.cat<\/p>\n<p>[\/et_pb_blurb][et_pb_blurb use_icon=\u201don\u201d font_icon=\u201d\uf017||fa||900\u2033 icon_color=\u201d#004AAD\u201d icon_placement=\u201dleft\u201d image_icon_width=\u201d40px\u201d admin_label=\u201dAnnuncio\u201d _builder_version=\u201d4.25.1\u2033 _module_preset =\u201ddefault\u201d header_level=\u201dh3\u2033 header_font=\u201dPoppins|||||||\u201d body_font=\u201dPoppins|300|||||||\u201d body_font_size=\u201d16px\u201d custom_css_blurb_image=\u201dpadding-right: 10px;||vertical-align: middle;||position: relative;\u201d locked=\u201doff\u201d global_colors_info=\u201d{}\u201d]<\/p>\n<p>From Monday to Friday<br \/>\nfrom 9 a.m. to 6 p.m<\/p>\n<p>[\/et_pb_blurb][et_pb_blurb use_icon=\u201don\u201d font_icon=\u201d\ue081||divi||400\u2033 icon_color=\u201d#004AAD\u201d icon_placement=\u201dleft\u201d image_icon_width=\u201d40px\u201d admin_label=\u201dAnnuncio\u201d _builder_version=\u201d4.25.1\u2033 _module_preset =\u201ddefault\u201d header_level=\u201dh3\u2033 header_font=\u201dPoppins|||||||\u201d body_font=\u201dPoppins|300|||||||\u201d body_font_size=\u201d16px\u201d custom_css_blurb_image=\u201dpadding-right: 10px;||vertical-align: middle;||position: relative;\u201d locked=\u201doff\u201d global_colors_info=\u201d{}\u201d]Carrer Vic 11, 08460, Santa Maria de Palautordera[\/et_pb_blurb][\/et_pb_column][et_pb_column type=\u201d1_2\u2033 _builder_version=\u201d4.21.0\u2033 _module_preset=\u201ddefault\u201d global_colors_info =\u201d{}\u201d][et_pb_text _builder_version=\u201d4.25.1\u2033 _module_preset=\u201ddefault\u201d header_2_font=\u201dPoppins|||||||\u201d header_2_font_size=\u201d24px\u201d header_3_font=\u201dPoppins|||||||\u201d header_3_font_size=\u201d24px\u201d global_colors_info=\u201d{}\u201d]<\/p>\n<h2>Contact with us<\/h2>\n<p>[\/et_pb_text][et_pb_contact_form use_spam_service=&#8221;on&#8221; recaptcha_list=&#8221;Default|Default-0&#8243; email=&#8221;info@consultoriarrels.cat&#8221; custom_message=&#8221;Correu des de la WEB consultoriarrels.cat||et_pb_line_break_holder||||et_pb_line_break_holder||Nom: %%Name%%||et_pb_line_break_holder||Correu: %%Email%%||et_pb_line_break_holder||Tel\u00e8fon: %%Telefon%%||et_pb_line_break_holder||Tipus de consulta: %%Field_4%%||et_pb_line_break_holder||Missatge: %%Message%%&#8221; success_message=&#8221;Gr\u00e0cies per contactar amb nosaltres. En breu ens posarem en contacte amb tu.&#8221; submit_button_text=&#8221;Envia&#8221; _builder_version=&#8221;4.23.4&#8243; _module_preset=&#8221;default&#8221; _unique_id=&#8221;20bffa56-eae1-4940-9a0e-452dfd6986fb&#8221; form_field_background_color=&#8221;#FFFFFF&#8221; custom_button=&#8221;on&#8221; button_text_color=&#8221;#FFFFFF&#8221; button_bg_color=&#8221;#4153AF&#8221; button_border_width=&#8221;0px&#8221; custom_margin=&#8221;||||false|true&#8221; custom_margin_tablet=&#8221;||||false|true&#8221; custom_margin_phone=&#8221;||||false|true&#8221; custom_margin_last_edited=&#8221;on|desktop&#8221; border_width_all=&#8221;2px&#8221; border_color_all=&#8221;#4153AF&#8221; locked=&#8221;off&#8221; global_colors_info=&#8221;{}&#8221;][et_pb_contact_field field_id=&#8221;Name&#8221; field_title=&#8221;Nom *&#8221; _builder_version=&#8221;4.23.1&#8243; global_colors_info=&#8221;{}&#8221; button_text_size__hover_enabled=&#8221;off&#8221; button_one_text_size__hover_enabled=&#8221;off&#8221; button_two_text_size__hover_enabled=&#8221;off&#8221; button_text_color__hover_enabled=&#8221;off&#8221; button_one_text_color__hover_enabled=&#8221;off&#8221; button_two_text_color__hover_enabled=&#8221;off&#8221; button_border_width__hover_enabled=&#8221;off&#8221; button_one_border_width__hover_enabled=&#8221;off&#8221; button_two_border_width__hover_enabled=&#8221;off&#8221; button_border_color__hover_enabled=&#8221;off&#8221; button_one_border_color__hover_enabled=&#8221;off&#8221; button_two_border_color__hover_enabled=&#8221;off&#8221; button_border_radius__hover_enabled=&#8221;off&#8221; button_one_border_radius__hover_enabled=&#8221;off&#8221; button_two_border_radius__hover_enabled=&#8221;off&#8221; button_letter_spacing__hover_enabled=&#8221;off&#8221; button_one_letter_spacing__hover_enabled=&#8221;off&#8221; button_two_letter_spacing__hover_enabled=&#8221;off&#8221; button_bg_color__hover_enabled=&#8221;off&#8221; button_one_bg_color__hover_enabled=&#8221;off&#8221; button_two_bg_color__hover_enabled=&#8221;off&#8221;][\/et_pb_contact_field][et_pb_contact_field field_id=&#8221;Email&#8221; field_title=&#8221;Correu electr\u00f2nic *&#8221; field_type=&#8221;email&#8221; _builder_version=&#8221;4.23.1&#8243; global_colors_info=&#8221;{}&#8221; button_text_size__hover_enabled=&#8221;off&#8221; button_one_text_size__hover_enabled=&#8221;off&#8221; button_two_text_size__hover_enabled=&#8221;off&#8221; button_text_color__hover_enabled=&#8221;off&#8221; button_one_text_color__hover_enabled=&#8221;off&#8221; button_two_text_color__hover_enabled=&#8221;off&#8221; button_border_width__hover_enabled=&#8221;off&#8221; button_one_border_width__hover_enabled=&#8221;off&#8221; button_two_border_width__hover_enabled=&#8221;off&#8221; button_border_color__hover_enabled=&#8221;off&#8221; button_one_border_color__hover_enabled=&#8221;off&#8221; button_two_border_color__hover_enabled=&#8221;off&#8221; button_border_radius__hover_enabled=&#8221;off&#8221; button_one_border_radius__hover_enabled=&#8221;off&#8221; button_two_border_radius__hover_enabled=&#8221;off&#8221; button_letter_spacing__hover_enabled=&#8221;off&#8221; button_one_letter_spacing__hover_enabled=&#8221;off&#8221; button_two_letter_spacing__hover_enabled=&#8221;off&#8221; button_bg_color__hover_enabled=&#8221;off&#8221; button_one_bg_color__hover_enabled=&#8221;off&#8221; button_two_bg_color__hover_enabled=&#8221;off&#8221;][\/et_pb_contact_field][et_pb_contact_field field_id=&#8221;Telefon&#8221; field_title=&#8221;Tel\u00e8fon&#8221; allowed_symbols=&#8221;numbers&#8221; required_mark=&#8221;off&#8221; _builder_version=&#8221;4.23.1&#8243; _module_preset=&#8221;default&#8221; global_colors_info=&#8221;{}&#8221;][\/et_pb_contact_field][et_pb_contact_field field_id=&#8221;Field_4&#8243; field_title=&#8221;Tipus de consulta&#8221; field_type=&#8221;select&#8221; select_options=&#8221;%91{%22value%22:%22Assessoria laboral%22,%22checked%22:0,%22dragID%22:-1},{%22value%22:%22Consultoria laboral%22,%22checked%22:0,%22dragID%22:0},{%22value%22:%22Assessoria fiscal i comptable%22,%22checked%22:0,%22dragID%22:1},{%22value%22:%22Gesti\u00f3 de bonificacions de les formacions &#8211; Fundae%22,%22checked%22:0,%22dragID%22:2},{%22value%22:%22Cerca i gesti\u00f3 de subvencions per a les empreses%22,%22checked%22:0,%22dragID%22:3},{%22value%22:%22Tramitaci\u00f3 d\u2019expedients d\u2019estrangeria%22,%22checked%22:0,%22dragID%22:4},{%22value%22:%22Consultoria 360\u00ba%22,%22checked%22:0,%22dragID%22:5},{%22value%22:%22Un altre tema%22,%22checked%22:0,%22dragID%22:6}%93&#8243; required_mark=&#8221;off&#8221; _builder_version=&#8221;4.23.1&#8243; _module_preset=&#8221;default&#8221; global_colors_info=&#8221;{}&#8221;][\/et_pb_contact_field][et_pb_contact_field field_id=&#8221;Message&#8221; field_title=&#8221;Missatge *&#8221; field_type=&#8221;text&#8221; fullwidth_field=&#8221;on&#8221; _builder_version=&#8221;4.23.1&#8243; global_colors_info=&#8221;{}&#8221; button_text_size__hover_enabled=&#8221;off&#8221; button_one_text_size__hover_enabled=&#8221;off&#8221; button_two_text_size__hover_enabled=&#8221;off&#8221; button_text_color__hover_enabled=&#8221;off&#8221; button_one_text_color__hover_enabled=&#8221;off&#8221; button_two_text_color__hover_enabled=&#8221;off&#8221; button_border_width__hover_enabled=&#8221;off&#8221; button_one_border_width__hover_enabled=&#8221;off&#8221; button_two_border_width__hover_enabled=&#8221;off&#8221; button_border_color__hover_enabled=&#8221;off&#8221; button_one_border_color__hover_enabled=&#8221;off&#8221; button_two_border_color__hover_enabled=&#8221;off&#8221; button_border_radius__hover_enabled=&#8221;off&#8221; button_one_border_radius__hover_enabled=&#8221;off&#8221; button_two_border_radius__hover_enabled=&#8221;off&#8221; button_letter_spacing__hover_enabled=&#8221;off&#8221; button_one_letter_spacing__hover_enabled=&#8221;off&#8221; button_two_letter_spacing__hover_enabled=&#8221;off&#8221; button_bg_color__hover_enabled=&#8221;off&#8221; button_one_bg_color__hover_enabled=&#8221;off&#8221; button_two_bg_color__hover_enabled=&#8221;off&#8221;][\/et_pb_contact_field][et_pb_contact_field field_id=&#8221;Field_5&#8243; field_title=&#8221; &#8221; field_type=&#8221;checkbox&#8221; checkbox_options=&#8221;%91{%22value%22:%22Accepto la %22,%22checked%22:0,%22dragID%22:-1,%22link_url%22:%22http:\/\/consultoriarrels.cat\/politica-de-privacitat\/%22,%22link_text%22:%22Politica de privacitat%22}%93&#8243; fullwidth_field=&#8221;on&#8221; _builder_version=&#8221;4.23.1&#8243; _module_preset=&#8221;default&#8221; global_colors_info=&#8221;{}&#8221;][\/et_pb_contact_field][\/et_pb_contact_form][et_pb_text _builder_version=&#8221;4.21.0&#8243; _module_preset=&#8221;default&#8221; link_text_color=&#8221;#4153af&#8221; locked=&#8221;off&#8221; global_colors_info=&#8221;{}&#8221;]Aquest lloc est\u00e0 protegit per reCAPTCHA i s&#8217;apliquen la <a href=\"https:\/\/policies.google.com\/privacy\" target=\"_self\" role=\"link\" rel=\"noopener\">Privacy policy<\/a> and the <a href=\"https:\/\/policies.google.com\/terms\" target=\"_self\" role=\"link\" rel=\"noopener\">Terms of service<\/a> by Google.[\/et_pb_text][\/et_pb_column][\/et_pb_row][\/et_pb_section][et_pb_section fb_built=\u201d1\u2033 _builder_version=\u201d4.21.0\u2033 _module_preset=\u201ddefault\u201d global_colors_info=\u201d{}\u201d][et_pb_row _builder_version=\u201d 4.21.0\u2033 _module_preset=\u201ddefault\u201d max_width=\u201d1300px\u201d global_colors_info=\u201d{}\u201d][et_pb_column type=\u201d4_4\u2033 _builder_version=\u201d4.21.0\u2033 _module_preset=\u201ddefault\u201d global_colors_info=\u201d{}\u201d][et_pb_text _builder_version =\u201d4.21.0\u2033 _module_preset=\u201ddefault\u201d header_2_font=\u201dPoppins|||on||||\u201d header_2_text_align=\u201dcenter\u201d header_2_font_size=\u201d36px\u201d custom_margin=\u201d||5px||false|false\u201d locked=\u201doff\u201d global_colors_info=\u201d{}\u201d]<\/p>\n<h2>map<\/h2>\n<p>[\/et_pb_text][et_pb_divider color=\u201d#004aad\u201d divider_weight=\u201d3px\u201d _builder_version=\u201d4.21.0\u2033 _module_preset=\u201ddefault\u201d width=\u201d12%\u201d module_alignment=\u201dcenter\u201d locked=\u201doff\u201d global_colors_info=\u201d{}\u201d] [\/et_pb_divider][\/et_pb_column][\/et_pb_row][et_pb_row _builder_version=\u201d4.21.0\u2033 _module_preset=\u201ddefault\u201d max_width=\u201d1300px\u201d global_colors_info=\u201d{}\u201d][et_pb_column type=\u201d4_4\u2033 _builder_version=\u201d4.21.0\u2033 0\u2033 _module_preset=\u201ddefault\u201d global_colors_info=\u201d{}\u201d][et_pb_code _builder_version=\u201d4.23.1\u2033 _module_preset=\u201ddefault\u201d global_colors_info=\u201d{}\u201d]<iframe src=\"https:\/\/www.google.com\/maps\/embed?pb=!1m18!1m12!1m3!1d2979.367612342736!2d2.438739476501024!3d41.69099917710732!2m3!1f0!2f0!3f0!3m2!1i1024!2i768!4f13.1!3m3!1m2!1s0x12a4ccde173e09a5%3A0x5be18e49d785e06b!2sCarrer%20Vic%2C%2011%2C%2008460%20Santa%20Maria%20de%20Palautordera%2C%20Barcelona!5e0!3m2!1sca!2ses!4v1701419531215!5m2!1sca!2ses\" width=\"1300\" height=\"450\" style=\"border:0;\" allowfullscreen=\"\" loading=\"lazy\" referrerpolicy=\"no-referrer-when-downgrade\"><\/iframe>[\/et_pb_code][\/et_pb_column][\/et_pb_row][\/et_pb_section]<\/p>","protected":false},"excerpt":{"rendered":"<p>Contact us We are here to listen and help youContact usContact information603 603 249 664 620 389info@consultoriarrels.catFrom Monday to Friday from 9am to 6pmCarrer Vic 11, 08460, Santa Maria de PalautorderaContact usThis site is protected by reCAPTCHA and Google.Map&#039;s Privacy Policy and Terms of Service apply<\/p>","protected":false},"author":1,"featured_media":0,"parent":0,"menu_order":0,"comment_status":"closed","ping_status":"closed","template":"","meta":{"_et_pb_use_builder":"on","_et_pb_old_content":"<!-- wp:divi\/placeholder \/-->","_et_gb_content_width":"","footnotes":""},"class_list":["post-355","page","type-page","status-publish","hentry"],"yoast_head":"<!-- This site is optimized with the Yoast SEO plugin v26.4 - https:\/\/yoast.com\/wordpress\/plugins\/seo\/ -->\n<title>Contacte - Consultoria Arrels<\/title>\n<meta name=\"description\" content=\"Connecta&#039;t amb nosaltres. Som aqu\u00ed per escoltar-te i col\u00b7laborar en el teu cam\u00ed cap al progr\u00e9s empresarial.\" \/>\n<meta name=\"robots\" content=\"index, follow, max-snippet:-1, max-image-preview:large, max-video-preview:-1\" \/>\n<link rel=\"canonical\" href=\"https:\/\/consultoriarrels.cat\/eng\/contacte\/\" \/>\n<meta property=\"og:locale\" content=\"en_US\" \/>\n<meta property=\"og:type\" content=\"article\" \/>\n<meta property=\"og:title\" content=\"Contacte - Consultoria Arrels\" \/>\n<meta property=\"og:description\" content=\"Connecta&#039;t amb nosaltres. Som aqu\u00ed per escoltar-te i col\u00b7laborar en el teu cam\u00ed cap al progr\u00e9s empresarial.\" \/>\n<meta property=\"og:url\" content=\"https:\/\/consultoriarrels.cat\/eng\/contacte\/\" \/>\n<meta property=\"og:site_name\" content=\"Consultoria Arrels\" \/>\n<meta property=\"article:modified_time\" content=\"2024-08-07T14:22:37+00:00\" \/>\n<meta name=\"twitter:card\" content=\"summary_large_image\" \/>\n<meta name=\"twitter:label1\" content=\"Est. reading time\" \/>\n\t<meta name=\"twitter:data1\" content=\"1 minute\" \/>\n<script type=\"application\/ld+json\" class=\"yoast-schema-graph\">{\"@context\":\"https:\/\/schema.org\",\"@graph\":[{\"@type\":\"WebPage\",\"@id\":\"https:\/\/consultoriarrels.cat\/contacte\/\",\"url\":\"https:\/\/consultoriarrels.cat\/contacte\/\",\"name\":\"Contacte - Consultoria Arrels\",\"isPartOf\":{\"@id\":\"https:\/\/consultoriarrels.cat\/#website\"},\"datePublished\":\"2023-08-02T13:33:15+00:00\",\"dateModified\":\"2024-08-07T14:22:37+00:00\",\"description\":\"Connecta't amb nosaltres. Som aqu\u00ed per escoltar-te i col\u00b7laborar en el teu cam\u00ed cap al progr\u00e9s empresarial.\",\"breadcrumb\":{\"@id\":\"https:\/\/consultoriarrels.cat\/contacte\/#breadcrumb\"},\"inLanguage\":\"en-US\",\"potentialAction\":[{\"@type\":\"ReadAction\",\"target\":[\"https:\/\/consultoriarrels.cat\/contacte\/\"]}]},{\"@type\":\"BreadcrumbList\",\"@id\":\"https:\/\/consultoriarrels.cat\/contacte\/#breadcrumb\",\"itemListElement\":[{\"@type\":\"ListItem\",\"position\":1,\"name\":\"Inici\",\"item\":\"https:\/\/consultoriarrels.cat\/\"},{\"@type\":\"ListItem\",\"position\":2,\"name\":\"Contacte\"}]},{\"@type\":\"WebSite\",\"@id\":\"https:\/\/consultoriarrels.cat\/#website\",\"url\":\"https:\/\/consultoriarrels.cat\/\",\"name\":\"Consultoria Arrels\",\"description\":\"T&#039;acompanyem en tot moment\",\"publisher\":{\"@id\":\"https:\/\/consultoriarrels.cat\/#organization\"},\"potentialAction\":[{\"@type\":\"SearchAction\",\"target\":{\"@type\":\"EntryPoint\",\"urlTemplate\":\"https:\/\/consultoriarrels.cat\/?s={search_term_string}\"},\"query-input\":{\"@type\":\"PropertyValueSpecification\",\"valueRequired\":true,\"valueName\":\"search_term_string\"}}],\"inLanguage\":\"en-US\"},{\"@type\":\"Organization\",\"@id\":\"https:\/\/consultoriarrels.cat\/#organization\",\"name\":\"Consultoria Arrels\",\"url\":\"https:\/\/consultoriarrels.cat\/\",\"logo\":{\"@type\":\"ImageObject\",\"inLanguage\":\"en-US\",\"@id\":\"https:\/\/consultoriarrels.cat\/#\/schema\/logo\/image\/\",\"url\":\"http:\/\/consultoriarrels.cat\/wp-content\/uploads\/2023\/08\/consultoria_arrels_0021.png\",\"contentUrl\":\"http:\/\/consultoriarrels.cat\/wp-content\/uploads\/2023\/08\/consultoria_arrels_0021.png\",\"width\":132,\"height\":132,\"caption\":\"Consultoria Arrels\"},\"image\":{\"@id\":\"https:\/\/consultoriarrels.cat\/#\/schema\/logo\/image\/\"}}]}<\/script>\n<!-- \/ Yoast SEO plugin. -->","yoast_head_json":{"title":"Contact - Arrels Consultancy","description":"Connect with us. We are here to listen and collaborate on your path to business progress.","robots":{"index":"index","follow":"follow","max-snippet":"max-snippet:-1","max-image-preview":"max-image-preview:large","max-video-preview":"max-video-preview:-1"},"canonical":"https:\/\/consultoriarrels.cat\/eng\/contacte\/","og_locale":"en_US","og_type":"article","og_title":"Contacte - Consultoria Arrels","og_description":"Connecta't amb nosaltres. Som aqu\u00ed per escoltar-te i col\u00b7laborar en el teu cam\u00ed cap al progr\u00e9s empresarial.","og_url":"https:\/\/consultoriarrels.cat\/eng\/contacte\/","og_site_name":"Consultoria Arrels","article_modified_time":"2024-08-07T14:22:37+00:00","twitter_card":"summary_large_image","twitter_misc":{"Est. reading time":"1 minute"},"schema":{"@context":"https:\/\/schema.org","@graph":[{"@type":"WebPage","@id":"https:\/\/consultoriarrels.cat\/contacte\/","url":"https:\/\/consultoriarrels.cat\/contacte\/","name":"Contact - Arrels Consultancy","isPartOf":{"@id":"https:\/\/consultoriarrels.cat\/#website"},"datePublished":"2023-08-02T13:33:15+00:00","dateModified":"2024-08-07T14:22:37+00:00","description":"Connect with us. We are here to listen and collaborate on your path to business progress.","breadcrumb":{"@id":"https:\/\/consultoriarrels.cat\/contacte\/#breadcrumb"},"inLanguage":"en-US","potentialAction":[{"@type":"ReadAction","target":["https:\/\/consultoriarrels.cat\/contacte\/"]}]},{"@type":"BreadcrumbList","@id":"https:\/\/consultoriarrels.cat\/contacte\/#breadcrumb","itemListElement":[{"@type":"ListItem","position":1,"name":"Inici","item":"https:\/\/consultoriarrels.cat\/"},{"@type":"ListItem","position":2,"name":"Contacte"}]},{"@type":"WebSite","@id":"https:\/\/consultoriarrels.cat\/#website","url":"https:\/\/consultoriarrels.cat\/","name":"Consultoria Arrels","description":"T&#039; we accompany at all times","publisher":{"@id":"https:\/\/consultoriarrels.cat\/#organization"},"potentialAction":[{"@type":"SearchAction","target":{"@type":"EntryPoint","urlTemplate":"https:\/\/consultoriarrels.cat\/?s={search_term_string}"},"query-input":{"@type":"PropertyValueSpecification","valueRequired":true,"valueName":"search_term_string"}}],"inLanguage":"en-US"},{"@type":"Organization","@id":"https:\/\/consultoriarrels.cat\/#organization","name":"Consultoria Arrels","url":"https:\/\/consultoriarrels.cat\/","logo":{"@type":"ImageObject","inLanguage":"en-US","@id":"https:\/\/consultoriarrels.cat\/#\/schema\/logo\/image\/","url":"http:\/\/consultoriarrels.cat\/wp-content\/uploads\/2023\/08\/consultoria_arrels_0021.png","contentUrl":"http:\/\/consultoriarrels.cat\/wp-content\/uploads\/2023\/08\/consultoria_arrels_0021.png","width":132,"height":132,"caption":"Consultoria Arrels"},"image":{"@id":"https:\/\/consultoriarrels.cat\/#\/schema\/logo\/image\/"}}]}},"_links":{"self":[{"href":"https:\/\/consultoriarrels.cat\/eng\/wp-json\/wp\/v2\/pages\/355","targetHints":{"allow":["GET"]}}],"collection":[{"href":"https:\/\/consultoriarrels.cat\/eng\/wp-json\/wp\/v2\/pages"}],"about":[{"href":"https:\/\/consultoriarrels.cat\/eng\/wp-json\/wp\/v2\/types\/page"}],"author":[{"embeddable":true,"href":"https:\/\/consultoriarrels.cat\/eng\/wp-json\/wp\/v2\/users\/1"}],"replies":[{"embeddable":true,"href":"https:\/\/consultoriarrels.cat\/eng\/wp-json\/wp\/v2\/comments?post=355"}],"version-history":[{"count":44,"href":"https:\/\/consultoriarrels.cat\/eng\/wp-json\/wp\/v2\/pages\/355\/revisions"}],"predecessor-version":[{"id":2265,"href":"https:\/\/consultoriarrels.cat\/eng\/wp-json\/wp\/v2\/pages\/355\/revisions\/2265"}],"wp:attachment":[{"href":"https:\/\/consultoriarrels.cat\/eng\/wp-json\/wp\/v2\/media?parent=355"}],"curies":[{"name":"wp","href":"https:\/\/api.w.org\/{rel}","templated":true}]}}